{"id":2,"date":"2013-12-04T21:37:11","date_gmt":"2013-12-04T21:37:11","guid":{"rendered":"http:\/\/www.kresan.cz\/wp\/?page_id=2"},"modified":"2026-04-29T11:58:52","modified_gmt":"2026-04-29T09:58:52","slug":"zkusebni-stranka","status":"publish","type":"page","link":"http:\/\/www.kresan.cz\/","title":{"rendered":"Aktu\u00e1ln\u011b"},"content":{"rendered":"\n<p><strong>V\u00e1\u017een\u00ed z\u00e1kazn\u00edci,<\/strong> dne 30.4. je prodejna <strong>zav\u0159ena.<\/strong><br>D\u011bkujeme za pochopen\u00ed.<\/p>\n\n\n\n<p><\/p>\n\n\n\n<figure class=\"wp-block-image size-large\"><a href=\"http:\/\/www.kresan.cz\/wp-content\/uploads\/2023\/03\/poda_5e_new.jpg\"><img decoding=\"async\" loading=\"lazy\" width=\"1024\" height=\"520\" src=\"http:\/\/www.kresan.cz\/wp-content\/uploads\/2023\/03\/poda_5e_new-1024x520.jpg\" alt=\"\" class=\"wp-image-1711\" srcset=\"http:\/\/www.kresan.cz\/wp-content\/uploads\/2023\/03\/poda_5e_new-1024x520.jpg 1024w, http:\/\/www.kresan.cz\/wp-content\/uploads\/2023\/03\/poda_5e_new-300x152.jpg 300w, http:\/\/www.kresan.cz\/wp-content\/uploads\/2023\/03\/poda_5e_new-768x390.jpg 768w, http:\/\/www.kresan.cz\/wp-content\/uploads\/2023\/03\/poda_5e_new-600x305.jpg 600w, http:\/\/www.kresan.cz\/wp-content\/uploads\/2023\/03\/poda_5e_new-1536x780.jpg 1536w, http:\/\/www.kresan.cz\/wp-content\/uploads\/2023\/03\/poda_5e_new-750x381.jpg 750w, http:\/\/www.kresan.cz\/wp-content\/uploads\/2023\/03\/poda_5e_new-400x203.jpg 400w, http:\/\/www.kresan.cz\/wp-content\/uploads\/2023\/03\/poda_5e_new-430x218.jpg 430w, http:\/\/www.kresan.cz\/wp-content\/uploads\/2023\/03\/poda_5e_new-150x76.jpg 150w, http:\/\/www.kresan.cz\/wp-content\/uploads\/2023\/03\/poda_5e_new-100x51.jpg 100w, http:\/\/www.kresan.cz\/wp-content\/uploads\/2023\/03\/poda_5e_new.jpg 1588w\" sizes=\"(max-width: 1024px) 100vw, 1024px\" \/><\/a><\/figure>\n\n\n\n<h1 class=\"wp-block-heading\"><\/h1>\n\n\n\n<p>  <\/p>\n\n\n\n<p><strong>ZM\u011aNA OTEV\u00cdRAC\u00cd DOBY<\/strong><br><\/p>\n\n\n\n<figure class=\"wp-block-table aligncenter\"><table><tbody><tr><td><strong>Pond\u011bl\u00ed: <\/strong><\/td><td>16:00 \u2013 17:00<\/td><\/tr><tr><td><strong>\u00dater\u00fd: <\/strong><\/td><td>10:00 \u2013 12:00<\/td><\/tr><tr><td><strong>St\u0159eda: <\/strong><\/td><td>16:00 \u2013 17:00<\/td><\/tr><tr><td><strong>\u010ctvrtek: <\/strong><\/td><td>15:00 \u2013 17:00<\/td><\/tr><tr><td><strong>P\u00e1tek:<\/strong><\/td><td> Zav\u0159eno<\/td><\/tr><tr><td><strong>Sobota:<\/strong><\/td><td> Zav\u0159eno<\/td><\/tr><tr><td><strong>Ned\u011ble:<\/strong><\/td><td> Zav\u0159eno <\/td><\/tr><\/tbody><\/table><\/figure>\n\n\n\n<p>Nebo otev\u0159eno dle p\u0159edchoz\u00ed domluvy<br><strong>Telefon: 725 702 835 <\/strong><\/p>\n\n\n\n<p><\/p>\n\n\n<p>\u00a0<\/p>\n<p><img decoding=\"async\" loading=\"lazy\" class=\"alignnone wp-image-1069\" src=\"http:\/\/www.kresan.cz\/wp-content\/uploads\/2018\/10\/eshop_kresan.jpg\" alt=\"\" width=\"640\" height=\"427\" srcset=\"http:\/\/www.kresan.cz\/wp-content\/uploads\/2018\/10\/eshop_kresan.jpg 1063w, http:\/\/www.kresan.cz\/wp-content\/uploads\/2018\/10\/eshop_kresan-300x200.jpg 300w, http:\/\/www.kresan.cz\/wp-content\/uploads\/2018\/10\/eshop_kresan-768x512.jpg 768w, http:\/\/www.kresan.cz\/wp-content\/uploads\/2018\/10\/eshop_kresan-1024x683.jpg 1024w, http:\/\/www.kresan.cz\/wp-content\/uploads\/2018\/10\/eshop_kresan-600x400.jpg 600w, http:\/\/www.kresan.cz\/wp-content\/uploads\/2018\/10\/eshop_kresan-750x500.jpg 750w, http:\/\/www.kresan.cz\/wp-content\/uploads\/2018\/10\/eshop_kresan-400x267.jpg 400w, http:\/\/www.kresan.cz\/wp-content\/uploads\/2018\/10\/eshop_kresan-430x287.jpg 430w, http:\/\/www.kresan.cz\/wp-content\/uploads\/2018\/10\/eshop_kresan-150x100.jpg 150w, http:\/\/www.kresan.cz\/wp-content\/uploads\/2018\/10\/eshop_kresan-100x67.jpg 100w, http:\/\/www.kresan.cz\/wp-content\/uploads\/2018\/10\/eshop_kresan-272x182.jpg 272w\" sizes=\"(max-width: 640px) 100vw, 640px\" \/><\/p>\n<hr \/>\n<p><a href=\"http:\/\/www.kresan.cz\/wp-content\/uploads\/2015\/01\/banner-600x200-efsp.jpg\"><img decoding=\"async\" loading=\"lazy\" class=\" size-full wp-image-214 aligncenter\" src=\"http:\/\/www.kresan.cz\/wp-content\/uploads\/2015\/01\/banner-600x200-efsp.jpg\" alt=\"banner-600x200-efsp\" width=\"600\" height=\"200\" srcset=\"http:\/\/www.kresan.cz\/wp-content\/uploads\/2015\/01\/banner-600x200-efsp.jpg 600w, http:\/\/www.kresan.cz\/wp-content\/uploads\/2015\/01\/banner-600x200-efsp-300x100.jpg 300w\" sizes=\"(max-width: 600px) 100vw, 600px\" \/><\/a><\/p>\n<div id=\"c400762\" class=\"area2\">\n<div>\n<h2><b>M\u00e1te doma v\u00edce po\u010d\u00edta\u010d\u016f?<\/b><\/h2>\n<p class=\"bodytext\">S ESET Family Security Pack m\u016f\u017eete b\u00fdt bez starost\u00ed. Zv\u00fdhodn\u011bn\u00fd bal\u00edk poskytuje komplexn\u00ed ochranu pro po\u010d\u00edta\u010de a notebooky s opera\u010dn\u00edm syst\u00e9mem Windows, Linux nebo Mac. Zakoupen\u00edm ESET Family Security Pack <b>z\u00edsk\u00e1v\u00e1te 3 licence<\/b>, kter\u00e9 m\u016f\u017eete rozd\u011blit mezi va\u0161e po\u010d\u00edta\u010de a k tomu<b> nav\u00edc 3 licence pro chytr\u00e9 telefony<\/b> se syst\u00e9mem Android, Windows Mobile nebo Symbian zdarma.<\/p>\n<p class=\"bodytext\"><strong>\u00a0<\/strong><\/p>\n<\/div>\n<\/div>","protected":false},"excerpt":{"rendered":"<p>V\u00e1\u017een\u00ed z\u00e1kazn\u00edci, dne 30.4. je prodejna zav\u0159ena.D\u011bkujeme za pochopen\u00ed. ZM\u011aNA OTEV\u00cdRAC\u00cd DOBY Pond\u011bl\u00ed: 16:00 \u2013 17:00 \u00dater\u00fd: 10:00 \u2013 12:00 St\u0159eda: 16:00 \u2013 17:00 \u010ctvrtek: 15:00 \u2013 17:00 P\u00e1tek: Zav\u0159eno [&hellip;]<\/p>\n","protected":false},"author":1,"featured_media":0,"parent":0,"menu_order":0,"comment_status":"closed","ping_status":"closed","template":"","meta":[],"_links":{"self":[{"href":"http:\/\/www.kresan.cz\/index.php?rest_route=\/wp\/v2\/pages\/2"}],"collection":[{"href":"http:\/\/www.kresan.cz\/index.php?rest_route=\/wp\/v2\/pages"}],"about":[{"href":"http:\/\/www.kresan.cz\/index.php?rest_route=\/wp\/v2\/types\/page"}],"author":[{"embeddable":true,"href":"http:\/\/www.kresan.cz\/index.php?rest_route=\/wp\/v2\/users\/1"}],"replies":[{"embeddable":true,"href":"http:\/\/www.kresan.cz\/index.php?rest_route=%2Fwp%2Fv2%2Fcomments&post=2"}],"version-history":[{"count":195,"href":"http:\/\/www.kresan.cz\/index.php?rest_route=\/wp\/v2\/pages\/2\/revisions"}],"predecessor-version":[{"id":1778,"href":"http:\/\/www.kresan.cz\/index.php?rest_route=\/wp\/v2\/pages\/2\/revisions\/1778"}],"wp:attachment":[{"href":"http:\/\/www.kresan.cz\/index.php?rest_route=%2Fwp%2Fv2%2Fmedia&parent=2"}],"curies":[{"name":"wp","href":"https:\/\/api.w.org\/{rel}","templated":true}]}}